{"id":7264,"date":"2023-07-25T15:32:30","date_gmt":"2023-07-25T15:32:30","guid":{"rendered":"https:\/\/dev.loisirsloirevalley.fr\/our-team\/"},"modified":"2026-01-20T11:11:20","modified_gmt":"2026-01-20T11:11:20","slug":"notre-equipe","status":"publish","type":"page","link":"https:\/\/loisirsloirevalley.fr\/en\/notre-equipe\/","title":{"rendered":"Notre \u00e9quipe"},"content":{"rendered":"\t\t<div data-elementor-type=\"wp-page\" data-elementor-id=\"7264\" class=\"elementor elementor-7264 elementor-2200\" data-elementor-settings=\"{&quot;ha_cmc_init_switcher&quot;:&quot;no&quot;}\" data-elementor-post-type=\"page\">\n\t\t\t\t\t\t<section class=\"elementor-section elementor-top-section elementor-element elementor-element-cf48f79 elementor-section-stretched elementor-section-boxed elementor-section-height-default elementor-section-height-default\" data-id=\"cf48f79\" data-element_type=\"section\" data-e-type=\"section\" data-settings=\"{&quot;stretch_section&quot;:&quot;section-stretched&quot;,&quot;background_background&quot;:&quot;classic&quot;}\">\n\t\t\t\t\t\t<div class=\"elementor-container elementor-column-gap-no\">\n\t\t\t\t\t<div class=\"elementor-column elementor-col-100 elementor-top-column elementor-element elementor-element-85cd175\" data-id=\"85cd175\" data-element_type=\"column\" data-e-type=\"column\">\n\t\t\t<div class=\"elementor-widget-wrap elementor-element-populated\">\n\t\t\t\t\t\t<div class=\"elementor-element elementor-element-c604291 elementor-widget elementor-widget-heading\" data-id=\"c604291\" data-element_type=\"widget\" data-e-type=\"widget\" data-widget_type=\"heading.default\">\n\t\t\t\t<div class=\"elementor-widget-container\">\n\t\t\t\t\t<h2 class=\"elementor-heading-title elementor-size-default\">Une \u00e9quipe Professionnelle qui vous fera partager leur passion en toute convivialit\u00e9 au coeur du Val de Loire.<\/h2>\t\t\t\t<\/div>\n\t\t\t\t<\/div>\n\t\t\t\t<div class=\"elementor-element elementor-element-5bf7fa3 elementor-widget__width-initial elementor-widget elementor-widget-text-editor\" data-id=\"5bf7fa3\" data-element_type=\"widget\" data-e-type=\"widget\" data-widget_type=\"text-editor.default\">\n\t\t\t\t<div class=\"elementor-widget-container\">\n\t\t\t\t\t\t\t\t\t<p>LOISIRS LOIRE VALLEY vous fait partager leurs passions et vous propose une gamme d\u2019<a href=\"\/toutes-les-activites\/\">activit\u00e9s<\/a> de loisirs sportifs ou de d\u00e9tente, accessibles \u00e0 tous, enfants comme adultes :\u00a0<b>Tir \u00e0 l\u2019arc sur parcours en pleine nature, sentier pieds nus, filets dans les arbres, parcours d\u2019obstacles, chasse au tr\u00e9sor et vols bapt\u00eames en Ulm au dessus des ch\u00e2teaux de la Loire ou Ap\u00e9ro\u2019bateau.<\/b><\/p>\t\t\t\t\t\t\t\t<\/div>\n\t\t\t\t<\/div>\n\t\t\t\t<section class=\"elementor-section elementor-inner-section elementor-element elementor-element-ab86064 elementor-section-full_width elementor-section-height-default elementor-section-height-default\" data-id=\"ab86064\" data-element_type=\"section\" data-e-type=\"section\">\n\t\t\t\t\t\t<div class=\"elementor-container elementor-column-gap-no\">\n\t\t\t\t\t<div class=\"elementor-column elementor-col-33 elementor-inner-column elementor-element elementor-element-dc3f35e\" data-id=\"dc3f35e\" data-element_type=\"column\" data-e-type=\"column\">\n\t\t\t<div class=\"elementor-widget-wrap elementor-element-populated\">\n\t\t\t\t\t\t<div class=\"elementor-element elementor-element-d2faf38 img-mask eael-team-align-centered elementor-widget elementor-widget-eael-team-member\" data-id=\"d2faf38\" data-element_type=\"widget\" data-e-type=\"widget\" data-widget_type=\"eael-team-member.default\">\n\t\t\t\t<div class=\"elementor-widget-container\">\n\t\t\t\t\t\n\n\t<div id=\"eael-team-member-d2faf38\" class=\"eael-team-item eael-team-members-simple \">\n\t\t<div class=\"eael-team-item-inner\">\n\t\t\t<div class=\"eael-team-image\">\n\t\t\t\t<figure>\n\t\t\t\t\t\t\t\t\t\t<img decoding=\"async\" src=\"https:\/\/loisirsloirevalley.fr\/wp-content\/uploads\/2023\/07\/Patricia.jpg\" alt=\"\">\n\t\t\t\t\t\t\t\t\t<\/figure>\n\t\t\t\t\n\t\t\t\t\t\t\t\t\t\t<p class=\"eael-team-text eael-team-text-overlay\">Passionn\u00e9e est le mot qui caract\u00e9rise le mieux Patricia. Cette passion, elle la partage \u00e0 travers diff\u00e9rentes activit\u00e9s au coeur du domaine de la P\u00e9pini\u00e8re, en pleine nature qui est aussi son lieu de vie !\n\nApr\u00e8s 21 ans en tant que conseill\u00e8re relation client\u00e8le en vente par correspondance, elle se reconvertit en 2004 dans le loisir pour transmettre sa passion du tir \u00e0 l\u2019arc au plus grand nombre.<\/p>\n\t\t\t\t\t\t\n\t\t\t<\/div>\n\n\t\t\t<div class=\"eael-team-content\">\n\t\t\t\t<h2 class=\"eael-team-member-name\">Patricia<\/h2><h3 class=\"eael-team-member-position\">Cr\u00e9atrice, Dirigeante et Animatrice tir \u00e0 l\u2019arc<\/h3>\n\t\t\t\t\t\t\t\t\t\t\t\t\t\t<p class=\"eael-team-text eael-team-text-overlay\">Passionn\u00e9e est le mot qui caract\u00e9rise le mieux Patricia. Cette passion, elle la partage \u00e0 travers diff\u00e9rentes activit\u00e9s au coeur du domaine de la P\u00e9pini\u00e8re, en pleine nature qui est aussi son lieu de vie !\n\nApr\u00e8s 21 ans en tant que conseill\u00e8re relation client\u00e8le en vente par correspondance, elle se reconvertit en 2004 dans le loisir pour transmettre sa passion du tir \u00e0 l\u2019arc au plus grand nombre.<\/p>\n\t\t\t\t\t\t\t<\/div>\n\t\t<\/div>\n\t<\/div>\n\t\t\t\t\t<\/div>\n\t\t\t\t<\/div>\n\t\t\t\t\t<\/div>\n\t\t<\/div>\n\t\t\t\t<div class=\"elementor-column elementor-col-33 elementor-inner-column elementor-element elementor-element-517a3ff\" data-id=\"517a3ff\" data-element_type=\"column\" data-e-type=\"column\">\n\t\t\t<div class=\"elementor-widget-wrap elementor-element-populated\">\n\t\t\t\t\t\t<div class=\"elementor-element elementor-element-017a127 img-mask eael-team-align-centered elementor-widget elementor-widget-eael-team-member\" data-id=\"017a127\" data-element_type=\"widget\" data-e-type=\"widget\" data-widget_type=\"eael-team-member.default\">\n\t\t\t\t<div class=\"elementor-widget-container\">\n\t\t\t\t\t\n\n\t<div id=\"eael-team-member-017a127\" class=\"eael-team-item eael-team-members-simple \">\n\t\t<div class=\"eael-team-item-inner\">\n\t\t\t<div class=\"eael-team-image\">\n\t\t\t\t<figure>\n\t\t\t\t\t\t\t\t\t\t<img decoding=\"async\" src=\"https:\/\/loisirsloirevalley.fr\/wp-content\/uploads\/photo-profil-richard-1.jpg\" alt=\"\">\n\t\t\t\t\t\t\t\t\t<\/figure>\n\t\t\t\t\n\t\t\t\t\t\t\t\t\t\t<p class=\"eael-team-text eael-team-text-overlay\">Passionn\u00e9 de sport et de p\u00eache depuis mon enfance, j'ai quitt\u00e9 mon m\u00e9tier de peintre d\u00e9corateur pour obtenir un BPJEPS en p\u00eache de loisir et devenir moniteur guide de p\u00eache. J'ai ensuite rencontr\u00e9 Patricia et Philippe, qui m'ont int\u00e9gr\u00e9 dans leur \u00e9quipe pour partager mes passions et vous encadrer avec bienveillance. Capitaine de bateau, vous pourrez me croiser lors des Apero\u2019bato sur la Loire.<\/p>\n\t\t\t\t\t\t\n\t\t\t<\/div>\n\n\t\t\t<div class=\"eael-team-content\">\n\t\t\t\t<h2 class=\"eael-team-member-name\">Richard<\/h2><h3 class=\"eael-team-member-position\">Agent d'accueil Polyvalent - Capitaine Bateau<\/h3>\n\t\t\t\t\t\t\t\t\t\t\t\t\t\t<p class=\"eael-team-text eael-team-text-overlay\">Passionn\u00e9 de sport et de p\u00eache depuis mon enfance, j'ai quitt\u00e9 mon m\u00e9tier de peintre d\u00e9corateur pour obtenir un BPJEPS en p\u00eache de loisir et devenir moniteur guide de p\u00eache. J'ai ensuite rencontr\u00e9 Patricia et Philippe, qui m'ont int\u00e9gr\u00e9 dans leur \u00e9quipe pour partager mes passions et vous encadrer avec bienveillance. Capitaine de bateau, vous pourrez me croiser lors des Apero\u2019bato sur la Loire.<\/p>\n\t\t\t\t\t\t\t<\/div>\n\t\t<\/div>\n\t<\/div>\n\t\t\t\t\t<\/div>\n\t\t\t\t<\/div>\n\t\t\t\t\t<\/div>\n\t\t<\/div>\n\t\t\t\t<div class=\"elementor-column elementor-col-33 elementor-inner-column elementor-element elementor-element-edc2a56\" data-id=\"edc2a56\" data-element_type=\"column\" data-e-type=\"column\">\n\t\t\t<div class=\"elementor-widget-wrap elementor-element-populated\">\n\t\t\t\t\t\t<div class=\"elementor-element elementor-element-7656386 img-mask eael-team-align-centered elementor-widget elementor-widget-eael-team-member\" data-id=\"7656386\" data-element_type=\"widget\" data-e-type=\"widget\" data-widget_type=\"eael-team-member.default\">\n\t\t\t\t<div class=\"elementor-widget-container\">\n\t\t\t\t\t\n\n\t<div id=\"eael-team-member-7656386\" class=\"eael-team-item eael-team-members-simple \">\n\t\t<div class=\"eael-team-item-inner\">\n\t\t\t<div class=\"eael-team-image\">\n\t\t\t\t<figure>\n\t\t\t\t\t\t\t\t\t\t<img decoding=\"async\" src=\"https:\/\/loisirsloirevalley.fr\/wp-content\/uploads\/2023\/07\/Philippe.jpg\" alt=\"\">\n\t\t\t\t\t\t\t\t\t<\/figure>\n\t\t\t\t\n\t\t\t\t\t\t\t\t\t\t<p class=\"eael-team-text eael-team-text-overlay\">Originaire de Blois, \u00e0 bord de son a\u00e9ronef, il sera un r\u00e9el guide du ciel pour d\u00e9couvrir les chateaux de la Loire et la r\u00e9gion qu\u2019il connait bien. <\/p>\n\t\t\t\t\t\t\n\t\t\t<\/div>\n\n\t\t\t<div class=\"eael-team-content\">\n\t\t\t\t<h2 class=\"eael-team-member-name\">Philippe<\/h2><h3 class=\"eael-team-member-position\">Pilote instructeur ULM<\/h3>\n\t\t\t\t\t\t\t\t\t\t\t\t\t\t<p class=\"eael-team-text eael-team-text-overlay\">Originaire de Blois, \u00e0 bord de son a\u00e9ronef, il sera un r\u00e9el guide du ciel pour d\u00e9couvrir les chateaux de la Loire et la r\u00e9gion qu\u2019il connait bien. <\/p>\n\t\t\t\t\t\t\t<\/div>\n\t\t<\/div>\n\t<\/div>\n\t\t\t\t\t<\/div>\n\t\t\t\t<\/div>\n\t\t\t\t\t<\/div>\n\t\t<\/div>\n\t\t\t\t\t<\/div>\n\t\t<\/section>\n\t\t\t\t<section class=\"elementor-section elementor-inner-section elementor-element elementor-element-cf4c5cf elementor-section-full_width elementor-section-height-default elementor-section-height-default\" data-id=\"cf4c5cf\" data-element_type=\"section\" data-e-type=\"section\">\n\t\t\t\t\t\t<div class=\"elementor-container elementor-column-gap-no\">\n\t\t\t\t\t<div class=\"elementor-column elementor-col-50 elementor-inner-column elementor-element elementor-element-1903928\" data-id=\"1903928\" data-element_type=\"column\" data-e-type=\"column\">\n\t\t\t<div class=\"elementor-widget-wrap elementor-element-populated\">\n\t\t\t\t\t\t<div class=\"elementor-element elementor-element-79d87c3 img-mask eael-team-align-centered elementor-widget elementor-widget-eael-team-member\" data-id=\"79d87c3\" data-element_type=\"widget\" data-e-type=\"widget\" data-widget_type=\"eael-team-member.default\">\n\t\t\t\t<div class=\"elementor-widget-container\">\n\t\t\t\t\t\n\n\t<div id=\"eael-team-member-79d87c3\" class=\"eael-team-item eael-team-members-simple \">\n\t\t<div class=\"eael-team-item-inner\">\n\t\t\t<div class=\"eael-team-image\">\n\t\t\t\t<figure>\n\t\t\t\t\t\t\t\t\t\t<img decoding=\"async\" src=\"https:\/\/loisirsloirevalley.fr\/wp-content\/uploads\/2023\/09\/llv_Minette-Loisirs-Loire-Valley-1_r.jpg\" alt=\"\">\n\t\t\t\t\t\t\t\t\t<\/figure>\n\t\t\t\t\n\t\t\t\t\t\t\t\t\t\t<p class=\"eael-team-text eael-team-text-overlay\">\nGardienne de sofa : Parfois vous la croiserez perch\u00e9e sur l'\u00e9paule de Philippe ou en train de dormir quelque part \u00e0 l'accueil...<\/p>\n\t\t\t\t\t\t\n\t\t\t<\/div>\n\n\t\t\t<div class=\"eael-team-content\">\n\t\t\t\t<h2 class=\"eael-team-member-name\">Mimi-Gris<\/h2><h3 class=\"eael-team-member-position\">Tient la boutique<\/h3>\n\t\t\t\t\t\t\t\t\t\t\t\t\t\t<p class=\"eael-team-text eael-team-text-overlay\">\nGardienne de sofa : Parfois vous la croiserez perch\u00e9e sur l'\u00e9paule de Philippe ou en train de dormir quelque part \u00e0 l'accueil...<\/p>\n\t\t\t\t\t\t\t<\/div>\n\t\t<\/div>\n\t<\/div>\n\t\t\t\t\t<\/div>\n\t\t\t\t<\/div>\n\t\t\t\t\t<\/div>\n\t\t<\/div>\n\t\t\t\t<div class=\"elementor-column elementor-col-50 elementor-inner-column elementor-element elementor-element-ea8ac76\" data-id=\"ea8ac76\" data-element_type=\"column\" data-e-type=\"column\">\n\t\t\t<div class=\"elementor-widget-wrap elementor-element-populated\">\n\t\t\t\t\t\t<div class=\"elementor-element elementor-element-7eaf3e0 img-mask eael-team-align-centered elementor-widget elementor-widget-eael-team-member\" data-id=\"7eaf3e0\" data-element_type=\"widget\" data-e-type=\"widget\" data-widget_type=\"eael-team-member.default\">\n\t\t\t\t<div class=\"elementor-widget-container\">\n\t\t\t\t\t\n\n\t<div id=\"eael-team-member-7eaf3e0\" class=\"eael-team-item eael-team-members-simple \">\n\t\t<div class=\"eael-team-item-inner\">\n\t\t\t<div class=\"eael-team-image\">\n\t\t\t\t<figure>\n\t\t\t\t\t\t\t\t\t\t<img decoding=\"async\" src=\"https:\/\/loisirsloirevalley.fr\/wp-content\/uploads\/2023\/09\/llv_equipe_moon_r.jpg\" alt=\"\">\n\t\t\t\t\t\t\t\t\t<\/figure>\n\t\t\t\t\n\t\t\t\t\t\t\t\t\t\t<p class=\"eael-team-text eael-team-text-overlay\">A peine descendus de la voiture, Moon sera d\u00e9j\u00e0 en train de vous accueillir joyeusement \u00e0 notre base !<\/p>\n\t\t\t\t\t\t\n\t\t\t<\/div>\n\n\t\t\t<div class=\"eael-team-content\">\n\t\t\t\t<h2 class=\"eael-team-member-name\">Moon<\/h2><h3 class=\"eael-team-member-position\">Charg\u00e9e d'accueil<\/h3>\n\t\t\t\t\t\t\t\t\t\t\t\t\t\t<p class=\"eael-team-text eael-team-text-overlay\">A peine descendus de la voiture, Moon sera d\u00e9j\u00e0 en train de vous accueillir joyeusement \u00e0 notre base !<\/p>\n\t\t\t\t\t\t\t<\/div>\n\t\t<\/div>\n\t<\/div>\n\t\t\t\t\t<\/div>\n\t\t\t\t<\/div>\n\t\t\t\t\t<\/div>\n\t\t<\/div>\n\t\t\t\t\t<\/div>\n\t\t<\/section>\n\t\t\t\t\t<\/div>\n\t\t<\/div>\n\t\t\t\t\t<\/div>\n\t\t<\/section>\n\t\t\t\t<section class=\"elementor-section elementor-top-section elementor-element elementor-element-b19e85a elementor-section-stretched elementor-section-height-min-height elementor-section-items-top elementor-section-boxed elementor-section-height-default\" data-id=\"b19e85a\" data-element_type=\"section\" data-e-type=\"section\" data-settings=\"{&quot;stretch_section&quot;:&quot;section-stretched&quot;,&quot;background_background&quot;:&quot;classic&quot;}\">\n\t\t\t\t\t\t<div class=\"elementor-container elementor-column-gap-no\">\n\t\t\t\t\t<div class=\"elementor-column elementor-col-100 elementor-top-column elementor-element elementor-element-a223832\" data-id=\"a223832\" data-element_type=\"column\" data-e-type=\"column\">\n\t\t\t<div class=\"elementor-widget-wrap elementor-element-populated\">\n\t\t\t\t\t\t<div class=\"elementor-element elementor-element-6229f30 elementor-widget elementor-widget-heading\" data-id=\"6229f30\" data-element_type=\"widget\" data-e-type=\"widget\" data-widget_type=\"heading.default\">\n\t\t\t\t<div class=\"elementor-widget-container\">\n\t\t\t\t\t<h5 class=\"elementor-heading-title elementor-size-default\">Ressourcez-vous!<\/h5>\t\t\t\t<\/div>\n\t\t\t\t<\/div>\n\t\t\t\t<div class=\"elementor-element elementor-element-725f16b elementor-widget elementor-widget-heading\" data-id=\"725f16b\" data-element_type=\"widget\" data-e-type=\"widget\" data-widget_type=\"heading.default\">\n\t\t\t\t<div class=\"elementor-widget-container\">\n\t\t\t\t\t<h2 class=\"elementor-heading-title elementor-size-default\">Pr\u00eat pour une nouvelle aventure ?<\/h2>\t\t\t\t<\/div>\n\t\t\t\t<\/div>\n\t\t\t\t<div class=\"elementor-element elementor-element-a66748e elementor-button-success elementor-align-center elementor-widget elementor-widget-button\" data-id=\"a66748e\" data-element_type=\"widget\" data-e-type=\"widget\" data-widget_type=\"button.default\">\n\t\t\t\t<div class=\"elementor-widget-container\">\n\t\t\t\t\t        <div class=\"elementor-button-wrapper\">\n            <a href=\"\/toutes-les-activites\/\" class=\"elementor-button-link elementor-button elementor-size-lg\" role=\"button\">\n                        <span class=\"elementor-button-content-wrapper\">\n\t\t\t            <span class=\"elementor-button-text\">D\u00e9couvrez toutes nos activit\u00e9s<\/span>\n\t\t<\/span>\n                    <\/a>\n        <\/div>\n        \t\t\t\t<\/div>\n\t\t\t\t<\/div>\n\t\t\t\t\t<\/div>\n\t\t<\/div>\n\t\t\t\t\t<\/div>\n\t\t<\/section>\n\t\t\t\t<\/div>\n\t\t","protected":false},"excerpt":{"rendered":"<p>Une \u00e9quipe Professionnelle qui vous fera partager leur passion en toute convivialit\u00e9 au coeur du Val de Loire. LOISIRS LOIRE VALLEY vous fait partager leurs passions et vous propose une gamme d\u2019activit\u00e9s de loisirs sportifs ou de d\u00e9tente, accessibles \u00e0 tous, enfants comme adultes :\u00a0Tir \u00e0 l\u2019arc sur parcours en pleine nature, sentier pieds nus, [&hellip;]<\/p>\n","protected":false},"author":2,"featured_media":0,"parent":0,"menu_order":0,"comment_status":"closed","ping_status":"closed","template":"elementor_header_footer","meta":{"inline_featured_image":false,"footnotes":""},"class_list":["post-7264","page","type-page","status-publish","hentry"],"_links":{"self":[{"href":"https:\/\/loisirsloirevalley.fr\/en\/wp-json\/wp\/v2\/pages\/7264","targetHints":{"allow":["GET"]}}],"collection":[{"href":"https:\/\/loisirsloirevalley.fr\/en\/wp-json\/wp\/v2\/pages"}],"about":[{"href":"https:\/\/loisirsloirevalley.fr\/en\/wp-json\/wp\/v2\/types\/page"}],"author":[{"embeddable":true,"href":"https:\/\/loisirsloirevalley.fr\/en\/wp-json\/wp\/v2\/users\/2"}],"replies":[{"embeddable":true,"href":"https:\/\/loisirsloirevalley.fr\/en\/wp-json\/wp\/v2\/comments?post=7264"}],"version-history":[{"count":21,"href":"https:\/\/loisirsloirevalley.fr\/en\/wp-json\/wp\/v2\/pages\/7264\/revisions"}],"predecessor-version":[{"id":8792,"href":"https:\/\/loisirsloirevalley.fr\/en\/wp-json\/wp\/v2\/pages\/7264\/revisions\/8792"}],"wp:attachment":[{"href":"https:\/\/loisirsloirevalley.fr\/en\/wp-json\/wp\/v2\/media?parent=7264"}],"curies":[{"name":"wp","href":"https:\/\/api.w.org\/{rel}","templated":true}]}}